{"id":260,"date":"2021-06-02T15:23:19","date_gmt":"2021-06-02T15:23:19","guid":{"rendered":"https:\/\/moyed.mx\/?page_id=260"},"modified":"2021-06-02T15:45:59","modified_gmt":"2021-06-02T15:45:59","slug":"proyectos","status":"publish","type":"page","link":"https:\/\/moyed.mx\/?page_id=260","title":{"rendered":"Proyectos"},"content":{"rendered":"\t\t<div data-elementor-type=\"wp-page\" data-elementor-id=\"260\" class=\"elementor elementor-260\" data-elementor-settings=\"[]\">\n\t\t\t\t\t\t<div class=\"elementor-inner\">\n\t\t\t\t\t\t\t<div class=\"elementor-section-wrap\">\n\t\t\t\t\t\t\t<section class=\"elementor-section elementor-top-section elementor-element elementor-element-d831613 elementor-section-stretched elementor-section-boxed elementor-section-height-default elementor-section-height-default\" data-id=\"d831613\" data-element_type=\"section\" data-settings=\"{&quot;stretch_section&quot;:&quot;section-stretched&quot;,&quot;background_background&quot;:&quot;classic&quot;}\">\n\t\t\t\t\t\t<div class=\"elementor-container elementor-column-gap-default\">\n\t\t\t\t\t\t\t<div class=\"elementor-row\">\n\t\t\t\t\t<div class=\"elementor-column elementor-col-100 elementor-top-column elementor-element elementor-element-f20b025\" data-id=\"f20b025\" data-element_type=\"column\">\n\t\t\t<div class=\"elementor-column-wrap elementor-element-populated\">\n\t\t\t\t\t\t\t<div class=\"elementor-widget-wrap\">\n\t\t\t\t\t\t<div class=\"elementor-element elementor-element-43e570d elementor-invisible elementor-widget elementor-widget-heading\" data-id=\"43e570d\" data-element_type=\"widget\" data-settings=\"{&quot;_animation&quot;:&quot;fadeInUp&quot;}\" data-widget_type=\"heading.default\">\n\t\t\t\t<div class=\"elementor-widget-container\">\n\t\t\t<h2 class=\"elementor-heading-title elementor-size-default\">Algunos de nuestros proyectos<\/h2>\t\t<\/div>\n\t\t\t\t<\/div>\n\t\t\t\t<section class=\"elementor-section elementor-inner-section elementor-element elementor-element-35e6230 elementor-section-boxed elementor-section-height-default elementor-section-height-default\" data-id=\"35e6230\" data-element_type=\"section\">\n\t\t\t\t\t\t<div class=\"elementor-container elementor-column-gap-default\">\n\t\t\t\t\t\t\t<div class=\"elementor-row\">\n\t\t\t\t\t<div class=\"elementor-column elementor-col-50 elementor-inner-column elementor-element elementor-element-3b85169\" data-id=\"3b85169\" data-element_type=\"column\" data-settings=\"{&quot;background_background&quot;:&quot;gradient&quot;}\">\n\t\t\t<div class=\"elementor-column-wrap elementor-element-populated\">\n\t\t\t\t\t\t\t<div class=\"elementor-widget-wrap\">\n\t\t\t\t\t\t<div class=\"elementor-element elementor-element-2d448c4 elementor-invisible elementor-widget elementor-widget-text-editor\" data-id=\"2d448c4\" data-element_type=\"widget\" data-settings=\"{&quot;_animation&quot;:&quot;fadeIn&quot;}\" data-widget_type=\"text-editor.default\">\n\t\t\t\t<div class=\"elementor-widget-container\">\n\t\t\t\t\t\t\t\t<div class=\"elementor-text-editor elementor-clearfix\">\n\t\t\t\t\t<h2>Built to suit<\/h2>\t\t\t\t\t<\/div>\n\t\t\t\t\t\t<\/div>\n\t\t\t\t<\/div>\n\t\t\t\t<div class=\"elementor-element elementor-element-81a52d2 elementor-position-top elementor-vertical-align-top elementor-widget elementor-widget-image-box\" data-id=\"81a52d2\" data-element_type=\"widget\" data-widget_type=\"image-box.default\">\n\t\t\t\t<div class=\"elementor-widget-container\">\n\t\t\t<div class=\"elementor-image-box-wrapper\"><figure class=\"elementor-image-box-img\"><img width=\"900\" height=\"417\" src=\"https:\/\/moyed.mx\/wp-content\/uploads\/2021\/01\/proyectos-allgaier.jpg\" class=\"attachment-full size-full\" alt=\"\" loading=\"lazy\" srcset=\"https:\/\/moyed.mx\/wp-content\/uploads\/2021\/01\/proyectos-allgaier.jpg 900w, https:\/\/moyed.mx\/wp-content\/uploads\/2021\/01\/proyectos-allgaier-300x139.jpg 300w, https:\/\/moyed.mx\/wp-content\/uploads\/2021\/01\/proyectos-allgaier-768x356.jpg 768w\" sizes=\"(max-width: 900px) 100vw, 900px\" \/><\/figure><div class=\"elementor-image-box-content\"><h3 class=\"elementor-image-box-title\">Allgaier de Puebla - Expansi\u00f3n<\/h3><p class=\"elementor-image-box-description\">Expansi\u00f3n de 12,032 m2 junto con el Desarrollo del parque industrial PIB, Chachapa. Tiempo de Ejecuci\u00f3n \u2013 7 meses<\/p><\/div><\/div>\t\t<\/div>\n\t\t\t\t<\/div>\n\t\t\t\t\t\t<\/div>\n\t\t\t\t\t<\/div>\n\t\t<\/div>\n\t\t\t\t<div class=\"elementor-column elementor-col-50 elementor-inner-column elementor-element elementor-element-d9811ee\" data-id=\"d9811ee\" data-element_type=\"column\">\n\t\t\t<div class=\"elementor-column-wrap elementor-element-populated\">\n\t\t\t\t\t\t\t<div class=\"elementor-widget-wrap\">\n\t\t\t\t\t\t<div class=\"elementor-element elementor-element-ef3b116 elementor-position-top elementor-vertical-align-top elementor-widget elementor-widget-image-box\" data-id=\"ef3b116\" data-element_type=\"widget\" data-widget_type=\"image-box.default\">\n\t\t\t\t<div class=\"elementor-widget-container\">\n\t\t\t<div class=\"elementor-image-box-wrapper\"><figure class=\"elementor-image-box-img\"><img width=\"986\" height=\"480\" src=\"https:\/\/moyed.mx\/wp-content\/uploads\/2021\/01\/proyectos-sbucks-1.jpg\" class=\"attachment-full size-full\" alt=\"\" loading=\"lazy\" srcset=\"https:\/\/moyed.mx\/wp-content\/uploads\/2021\/01\/proyectos-sbucks-1.jpg 986w, https:\/\/moyed.mx\/wp-content\/uploads\/2021\/01\/proyectos-sbucks-1-300x146.jpg 300w, https:\/\/moyed.mx\/wp-content\/uploads\/2021\/01\/proyectos-sbucks-1-768x374.jpg 768w\" sizes=\"(max-width: 986px) 100vw, 986px\" \/><\/figure><div class=\"elementor-image-box-content\"><h3 class=\"elementor-image-box-title\">Starbucks<\/h3><p class=\"elementor-image-box-description\">Construcci\u00f3n de locales comerciales para la marca Starbucks en la Ciudad de Puebla.<\/p><\/div><\/div>\t\t<\/div>\n\t\t\t\t<\/div>\n\t\t\t\t\t\t<\/div>\n\t\t\t\t\t<\/div>\n\t\t<\/div>\n\t\t\t\t\t\t\t\t<\/div>\n\t\t\t\t\t<\/div>\n\t\t<\/section>\n\t\t\t\t<section class=\"elementor-section elementor-inner-section elementor-element elementor-element-b86d291 elementor-section-boxed elementor-section-height-default elementor-section-height-default\" data-id=\"b86d291\" data-element_type=\"section\">\n\t\t\t\t\t\t<div class=\"elementor-container elementor-column-gap-default\">\n\t\t\t\t\t\t\t<div class=\"elementor-row\">\n\t\t\t\t\t<div class=\"elementor-column elementor-col-50 elementor-inner-column elementor-element elementor-element-5571780\" data-id=\"5571780\" data-element_type=\"column\" data-settings=\"{&quot;background_background&quot;:&quot;gradient&quot;}\">\n\t\t\t<div class=\"elementor-column-wrap elementor-element-populated\">\n\t\t\t\t\t\t\t<div class=\"elementor-widget-wrap\">\n\t\t\t\t\t\t<div class=\"elementor-element elementor-element-ff45be2 elementor-invisible elementor-widget elementor-widget-text-editor\" data-id=\"ff45be2\" data-element_type=\"widget\" data-settings=\"{&quot;_animation&quot;:&quot;fadeIn&quot;}\" data-widget_type=\"text-editor.default\">\n\t\t\t\t<div class=\"elementor-widget-container\">\n\t\t\t\t\t\t\t\t<div class=\"elementor-text-editor elementor-clearfix\">\n\t\t\t\t\t<h2>Llave en mano<\/h2>\t\t\t\t\t<\/div>\n\t\t\t\t\t\t<\/div>\n\t\t\t\t<\/div>\n\t\t\t\t<div class=\"elementor-element elementor-element-4c0417c elementor-position-top elementor-vertical-align-top elementor-widget elementor-widget-image-box\" data-id=\"4c0417c\" data-element_type=\"widget\" data-widget_type=\"image-box.default\">\n\t\t\t\t<div class=\"elementor-widget-container\">\n\t\t\t<div class=\"elementor-image-box-wrapper\"><figure class=\"elementor-image-box-img\"><img width=\"900\" height=\"480\" src=\"https:\/\/moyed.mx\/wp-content\/uploads\/2021\/01\/proyectos-siemens.jpg\" class=\"attachment-full size-full\" alt=\"\" loading=\"lazy\" srcset=\"https:\/\/moyed.mx\/wp-content\/uploads\/2021\/01\/proyectos-siemens.jpg 900w, https:\/\/moyed.mx\/wp-content\/uploads\/2021\/01\/proyectos-siemens-300x160.jpg 300w, https:\/\/moyed.mx\/wp-content\/uploads\/2021\/01\/proyectos-siemens-768x410.jpg 768w\" sizes=\"(max-width: 900px) 100vw, 900px\" \/><\/figure><div class=\"elementor-image-box-content\"><h3 class=\"elementor-image-box-title\">Siemens \u2013 Plaza del Mes\u00f3n<\/h3><p class=\"elementor-image-box-description\">Proyecto llave en Mano de 450 m2, para las oficinas de Reclutamiento y Recursos Humanos.<\/p><\/div><\/div>\t\t<\/div>\n\t\t\t\t<\/div>\n\t\t\t\t\t\t<\/div>\n\t\t\t\t\t<\/div>\n\t\t<\/div>\n\t\t\t\t<div class=\"elementor-column elementor-col-50 elementor-inner-column elementor-element elementor-element-30fc390\" data-id=\"30fc390\" data-element_type=\"column\">\n\t\t\t<div class=\"elementor-column-wrap elementor-element-populated\">\n\t\t\t\t\t\t\t<div class=\"elementor-widget-wrap\">\n\t\t\t\t\t\t<div class=\"elementor-element elementor-element-1e0a34c elementor-position-top elementor-vertical-align-top elementor-widget elementor-widget-image-box\" data-id=\"1e0a34c\" data-element_type=\"widget\" data-widget_type=\"image-box.default\">\n\t\t\t\t<div class=\"elementor-widget-container\">\n\t\t\t<div class=\"elementor-image-box-wrapper\"><figure class=\"elementor-image-box-img\"><img width=\"900\" height=\"451\" src=\"https:\/\/moyed.mx\/wp-content\/uploads\/2021\/01\/proyectos-amazon.jpg\" class=\"attachment-full size-full\" alt=\"\" loading=\"lazy\" srcset=\"https:\/\/moyed.mx\/wp-content\/uploads\/2021\/01\/proyectos-amazon.jpg 900w, https:\/\/moyed.mx\/wp-content\/uploads\/2021\/01\/proyectos-amazon-300x150.jpg 300w, https:\/\/moyed.mx\/wp-content\/uploads\/2021\/01\/proyectos-amazon-768x385.jpg 768w\" sizes=\"(max-width: 900px) 100vw, 900px\" \/><\/figure><div class=\"elementor-image-box-content\"><h3 class=\"elementor-image-box-title\">Call Center Alorica<\/h3><p class=\"elementor-image-box-description\">Remodelaci\u00f3n de oficinas para proyecto llave en mano de 4,017 m2 para Call Center de Amazon. Tiempo de ejecuci\u00f3n:<\/p><\/div><\/div>\t\t<\/div>\n\t\t\t\t<\/div>\n\t\t\t\t\t\t<\/div>\n\t\t\t\t\t<\/div>\n\t\t<\/div>\n\t\t\t\t\t\t\t\t<\/div>\n\t\t\t\t\t<\/div>\n\t\t<\/section>\n\t\t\t\t<section class=\"elementor-section elementor-inner-section elementor-element elementor-element-6eedde8 elementor-section-boxed elementor-section-height-default elementor-section-height-default\" data-id=\"6eedde8\" data-element_type=\"section\">\n\t\t\t\t\t\t<div class=\"elementor-container elementor-column-gap-default\">\n\t\t\t\t\t\t\t<div class=\"elementor-row\">\n\t\t\t\t\t<div class=\"elementor-column elementor-col-50 elementor-inner-column elementor-element elementor-element-1e6742d\" data-id=\"1e6742d\" data-element_type=\"column\" data-settings=\"{&quot;background_background&quot;:&quot;gradient&quot;}\">\n\t\t\t<div class=\"elementor-column-wrap elementor-element-populated\">\n\t\t\t\t\t\t\t<div class=\"elementor-widget-wrap\">\n\t\t\t\t\t\t<div class=\"elementor-element elementor-element-ca595f7 elementor-invisible elementor-widget elementor-widget-text-editor\" data-id=\"ca595f7\" data-element_type=\"widget\" data-settings=\"{&quot;_animation&quot;:&quot;fadeIn&quot;}\" data-widget_type=\"text-editor.default\">\n\t\t\t\t<div class=\"elementor-widget-container\">\n\t\t\t\t\t\t\t\t<div class=\"elementor-text-editor elementor-clearfix\">\n\t\t\t\t\t<h2>Proyectos de configuraci\u00f3n de<br \/>pol\u00edgonos industriales.<\/h2>\t\t\t\t\t<\/div>\n\t\t\t\t\t\t<\/div>\n\t\t\t\t<\/div>\n\t\t\t\t<div class=\"elementor-element elementor-element-8de4d6b elementor-position-top elementor-vertical-align-top elementor-widget elementor-widget-image-box\" data-id=\"8de4d6b\" data-element_type=\"widget\" data-widget_type=\"image-box.default\">\n\t\t\t\t<div class=\"elementor-widget-container\">\n\t\t\t<div class=\"elementor-image-box-wrapper\"><figure class=\"elementor-image-box-img\"><img width=\"900\" height=\"451\" src=\"https:\/\/moyed.mx\/wp-content\/uploads\/2021\/01\/proyectos-sca.jpg\" class=\"attachment-full size-full\" alt=\"\" loading=\"lazy\" srcset=\"https:\/\/moyed.mx\/wp-content\/uploads\/2021\/01\/proyectos-sca.jpg 900w, https:\/\/moyed.mx\/wp-content\/uploads\/2021\/01\/proyectos-sca-300x150.jpg 300w, https:\/\/moyed.mx\/wp-content\/uploads\/2021\/01\/proyectos-sca-768x385.jpg 768w\" sizes=\"(max-width: 900px) 100vw, 900px\" \/><\/figure><div class=\"elementor-image-box-content\"><h3 class=\"elementor-image-box-title\">SCA<\/h3><p class=\"elementor-image-box-description\">Configuraci\u00f3n de pol\u00edgono de 120 hect\u00e1reas para la industria papelera, dentro del corredor industrial de Irolo, Hidalgo<\/p><\/div><\/div>\t\t<\/div>\n\t\t\t\t<\/div>\n\t\t\t\t\t\t<\/div>\n\t\t\t\t\t<\/div>\n\t\t<\/div>\n\t\t\t\t<div class=\"elementor-column elementor-col-50 elementor-inner-column elementor-element elementor-element-68f8645\" data-id=\"68f8645\" data-element_type=\"column\">\n\t\t\t<div class=\"elementor-column-wrap elementor-element-populated\">\n\t\t\t\t\t\t\t<div class=\"elementor-widget-wrap\">\n\t\t\t\t\t\t<div class=\"elementor-element elementor-element-199efdf elementor-position-top elementor-vertical-align-top elementor-widget elementor-widget-image-box\" data-id=\"199efdf\" data-element_type=\"widget\" data-widget_type=\"image-box.default\">\n\t\t\t\t<div class=\"elementor-widget-container\">\n\t\t\t<div class=\"elementor-image-box-wrapper\"><figure class=\"elementor-image-box-img\"><img width=\"900\" height=\"392\" src=\"https:\/\/moyed.mx\/wp-content\/uploads\/2021\/01\/proyectos-reyna.jpg\" class=\"attachment-full size-full\" alt=\"\" loading=\"lazy\" srcset=\"https:\/\/moyed.mx\/wp-content\/uploads\/2021\/01\/proyectos-reyna.jpg 900w, https:\/\/moyed.mx\/wp-content\/uploads\/2021\/01\/proyectos-reyna-300x131.jpg 300w, https:\/\/moyed.mx\/wp-content\/uploads\/2021\/01\/proyectos-reyna-768x335.jpg 768w\" sizes=\"(max-width: 900px) 100vw, 900px\" \/><\/figure><div class=\"elementor-image-box-content\"><h3 class=\"elementor-image-box-title\">Reyma<\/h3><p class=\"elementor-image-box-description\">Configuraci\u00f3n de Pol\u00edgono de 40 hect\u00e1reas en el corredor industrial de Irolo, Hidalgo. Para la industria de desechables.<\/p><\/div><\/div>\t\t<\/div>\n\t\t\t\t<\/div>\n\t\t\t\t\t\t<\/div>\n\t\t\t\t\t<\/div>\n\t\t<\/div>\n\t\t\t\t\t\t\t\t<\/div>\n\t\t\t\t\t<\/div>\n\t\t<\/section>\n\t\t\t\t\t\t<\/div>\n\t\t\t\t\t<\/div>\n\t\t<\/div>\n\t\t\t\t\t\t\t\t<\/div>\n\t\t\t\t\t<\/div>\n\t\t<\/section>\n\t\t\t\t\t\t<\/div>\n\t\t\t\t\t\t<\/div>\n\t\t\t\t\t<\/div>\n\t\t","protected":false},"excerpt":{"rendered":"<p>Algunos de nuestros proyectos Built to suit Allgaier de Puebla &#8211; Expansi\u00f3n Expansi\u00f3n de 12,032 m2 junto con el Desarrollo del parque industrial PIB, Chachapa. Tiempo de Ejecuci\u00f3n \u2013 7 meses Starbucks Construcci\u00f3n de locales comerciales para la marca Starbucks en la Ciudad de Puebla. Llave en mano Siemens \u2013 Plaza del Mes\u00f3n Proyecto llave &#8230; <a title=\"Proyectos\" class=\"read-more\" href=\"https:\/\/moyed.mx\/?page_id=260\" aria-label=\"M\u00e1s en Proyectos\">Leer m\u00e1s<\/a><\/p>\n","protected":false},"author":1,"featured_media":0,"parent":0,"menu_order":0,"comment_status":"closed","ping_status":"closed","template":"","meta":[],"_links":{"self":[{"href":"https:\/\/moyed.mx\/index.php?rest_route=\/wp\/v2\/pages\/260"}],"collection":[{"href":"https:\/\/moyed.mx\/index.php?rest_route=\/wp\/v2\/pages"}],"about":[{"href":"https:\/\/moyed.mx\/index.php?rest_route=\/wp\/v2\/types\/page"}],"author":[{"embeddable":true,"href":"https:\/\/moyed.mx\/index.php?rest_route=\/wp\/v2\/users\/1"}],"replies":[{"embeddable":true,"href":"https:\/\/moyed.mx\/index.php?rest_route=%2Fwp%2Fv2%2Fcomments&post=260"}],"version-history":[{"count":10,"href":"https:\/\/moyed.mx\/index.php?rest_route=\/wp\/v2\/pages\/260\/revisions"}],"predecessor-version":[{"id":271,"href":"https:\/\/moyed.mx\/index.php?rest_route=\/wp\/v2\/pages\/260\/revisions\/271"}],"wp:attachment":[{"href":"https:\/\/moyed.mx\/index.php?rest_route=%2Fwp%2Fv2%2Fmedia&parent=260"}],"curies":[{"name":"wp","href":"https:\/\/api.w.org\/{rel}","templated":true}]}}